{"id":1017,"date":"2021-03-01T19:44:55","date_gmt":"2021-03-01T18:44:55","guid":{"rendered":"http:\/\/stephenmorellethabitat.fr\/?page_id=1017"},"modified":"2021-04-09T17:45:02","modified_gmt":"2021-04-09T15:45:02","slug":"conseil","status":"publish","type":"page","link":"https:\/\/stephenmorellethabitat.fr\/?page_id=1017","title":{"rendered":"Conseil"},"content":{"rendered":"\t\t<div data-elementor-type=\"wp-page\" data-elementor-id=\"1017\" class=\"elementor elementor-1017\" data-elementor-settings=\"[]\">\n\t\t\t\t\t\t\t<div class=\"elementor-section-wrap\">\n\t\t\t\t\t\t\t<section class=\"elementor-section elementor-top-section elementor-element elementor-element-d41e064 elementor-section-boxed elementor-section-height-default elementor-section-height-default parallax_section_no qode_elementor_container_no\" data-id=\"d41e064\" data-element_type=\"section\">\n\t\t\t\t\t\t<div class=\"elementor-container elementor-column-gap-default\">\n\t\t\t\t\t<div class=\"elementor-column elementor-col-100 elementor-top-column elementor-element elementor-element-754f2f6\" data-id=\"754f2f6\" data-element_type=\"column\">\n\t\t\t<div class=\"elementor-widget-wrap elementor-element-populated\">\n\t\t\t\t\t\t\t\t<div class=\"elementor-element elementor-element-bc4efce elementor-widget elementor-widget-spacer\" data-id=\"bc4efce\" data-element_type=\"widget\" data-widget_type=\"spacer.default\">\n\t\t\t\t<div class=\"elementor-widget-container\">\n\t\t\t\t\t<div class=\"elementor-spacer\">\n\t\t\t<div class=\"elementor-spacer-inner\"><\/div>\n\t\t<\/div>\n\t\t\t\t<\/div>\n\t\t\t\t<\/div>\n\t\t\t\t\t<\/div>\n\t\t<\/div>\n\t\t\t\t\t\t\t<\/div>\n\t\t<\/section>\n\t\t\t\t<section style=\"background-image: url(http:\/\/stephenmorellethabitat.fr\/wp-content\/uploads\/2021\/02\/v2.jpg);\" class=\"parallax_section_holder elementor-section elementor-top-section elementor-element elementor-element-914ad6b elementor-section-full_width elementor-section-stretched parallax_section_holder elementor-section-height-default elementor-section-height-default qode_elementor_container_no\" data-speed=\"0\" data-id=\"914ad6b\" data-element_type=\"section\" data-settings=\"{&quot;stretch_section&quot;:&quot;section-stretched&quot;,&quot;background_background&quot;:&quot;classic&quot;,&quot;qode_parallax_image&quot;:{&quot;url&quot;:&quot;http:\\\/\\\/stephenmorellethabitat.fr\\\/wp-content\\\/uploads\\\/2021\\\/02\\\/v2.jpg&quot;,&quot;id&quot;:827}}\">\n\t\t\t\t\t\t<div class=\"elementor-container elementor-column-gap-default\">\n\t\t\t\t\t<div class=\"elementor-column elementor-col-100 elementor-top-column elementor-element elementor-element-ab81430\" data-id=\"ab81430\" data-element_type=\"column\" data-settings=\"{&quot;background_background&quot;:&quot;classic&quot;}\">\n\t\t\t<div class=\"elementor-widget-wrap elementor-element-populated\">\n\t\t\t\t\t\t\t\t<div class=\"elementor-element elementor-element-c11d388 elementor-widget elementor-widget-spacer\" data-id=\"c11d388\" data-element_type=\"widget\" data-widget_type=\"spacer.default\">\n\t\t\t\t<div class=\"elementor-widget-container\">\n\t\t\t\t\t<div class=\"elementor-spacer\">\n\t\t\t<div class=\"elementor-spacer-inner\"><\/div>\n\t\t<\/div>\n\t\t\t\t<\/div>\n\t\t\t\t<\/div>\n\t\t\t\t<div class=\"elementor-element elementor-element-7ee3943 elementor-widget elementor-widget-heading\" data-id=\"7ee3943\" data-element_type=\"widget\" data-widget_type=\"heading.default\">\n\t\t\t\t<div class=\"elementor-widget-container\">\n\t\t\t<h2 class=\"elementor-heading-title elementor-size-default\">Conseil<\/h2>\t\t<\/div>\n\t\t\t\t<\/div>\n\t\t\t\t<div class=\"elementor-element elementor-element-1065094 elementor-widget elementor-widget-spacer\" data-id=\"1065094\" data-element_type=\"widget\" data-widget_type=\"spacer.default\">\n\t\t\t\t<div class=\"elementor-widget-container\">\n\t\t\t\t\t<div class=\"elementor-spacer\">\n\t\t\t<div class=\"elementor-spacer-inner\"><\/div>\n\t\t<\/div>\n\t\t\t\t<\/div>\n\t\t\t\t<\/div>\n\t\t\t\t\t<\/div>\n\t\t<\/div>\n\t\t\t\t\t\t\t<\/div>\n\t\t<\/section>\n\t\t\t\t<section class=\"elementor-section elementor-top-section elementor-element elementor-element-bf37752 elementor-section-boxed elementor-section-height-default elementor-section-height-default parallax_section_no qode_elementor_container_no\" data-id=\"bf37752\" data-element_type=\"section\">\n\t\t\t\t\t\t<div class=\"elementor-container elementor-column-gap-default\">\n\t\t\t\t\t<div class=\"elementor-column elementor-col-100 elementor-top-column elementor-element elementor-element-d0c468a\" data-id=\"d0c468a\" data-element_type=\"column\">\n\t\t\t<div class=\"elementor-widget-wrap elementor-element-populated\">\n\t\t\t\t\t\t\t\t<div class=\"elementor-element elementor-element-10fc12c elementor-widget elementor-widget-spacer\" data-id=\"10fc12c\" data-element_type=\"widget\" data-widget_type=\"spacer.default\">\n\t\t\t\t<div class=\"elementor-widget-container\">\n\t\t\t\t\t<div class=\"elementor-spacer\">\n\t\t\t<div class=\"elementor-spacer-inner\"><\/div>\n\t\t<\/div>\n\t\t\t\t<\/div>\n\t\t\t\t<\/div>\n\t\t\t\t<div class=\"elementor-element elementor-element-55cd639 elementor-invisible elementor-widget elementor-widget-heading\" data-id=\"55cd639\" data-element_type=\"widget\" data-settings=\"{&quot;_animation&quot;:&quot;fadeIn&quot;}\" data-widget_type=\"heading.default\">\n\t\t\t\t<div class=\"elementor-widget-container\">\n\t\t\t<h4 class=\"elementor-heading-title elementor-size-default\">Je vous accompagne pour la r\u00e9alisation de votre projet immobilier dans les cas suivants\u00a0:\n\n<\/h4>\t\t<\/div>\n\t\t\t\t<\/div>\n\t\t\t\t<div class=\"elementor-element elementor-element-2c37933 elementor-widget elementor-widget-spacer\" data-id=\"2c37933\" data-element_type=\"widget\" data-widget_type=\"spacer.default\">\n\t\t\t\t<div class=\"elementor-widget-container\">\n\t\t\t\t\t<div class=\"elementor-spacer\">\n\t\t\t<div class=\"elementor-spacer-inner\"><\/div>\n\t\t<\/div>\n\t\t\t\t<\/div>\n\t\t\t\t<\/div>\n\t\t\t\t<div class=\"elementor-element elementor-element-16b50df elementor-widget elementor-widget-bridge_icon_text\" data-id=\"16b50df\" data-element_type=\"widget\" data-widget_type=\"bridge_icon_text.default\">\n\t\t\t\t<div class=\"elementor-widget-container\">\n\t\t\t<div class='q_icon_with_title tiny normal_icon left_from_title '><div class=\"icon_text_holder\" style=\"\"><div class=\"icon_text_inner\" style=\"\"><div class=\"icon_title_holder\"><div class=\"icon_holder \" style=\" \"><span data-icon-type=\"normal\"   style=\"\" class=\"qode_iwt_icon_holder q_font_awsome_icon   \"><i class=\"qode_icon_font_awesome fa fa-plus-square qode_iwt_icon_element\" style=\"\" ><\/i><\/span><\/div><h5 class=\"icon_title\" style=\"\">Conseil et assistance en mati\u00e8re immobili\u00e8re, soit \u00e9tude de tout projet immobilier impliquant une analyse et une recherche de solutions juridique, financi\u00e8re, technique et commerciale.<\/h5><\/div><p style=''><\/p><\/div><\/div><\/div>\t\t<\/div>\n\t\t\t\t<\/div>\n\t\t\t\t<div class=\"elementor-element elementor-element-7502ad1 elementor-widget elementor-widget-bridge_icon_text\" data-id=\"7502ad1\" data-element_type=\"widget\" data-widget_type=\"bridge_icon_text.default\">\n\t\t\t\t<div class=\"elementor-widget-container\">\n\t\t\t<div class='q_icon_with_title tiny normal_icon left_from_title '><div class=\"icon_text_holder\" style=\"\"><div class=\"icon_text_inner\" style=\"\"><div class=\"icon_title_holder\"><div class=\"icon_holder \" style=\" \"><span data-icon-type=\"normal\"   style=\"\" class=\"qode_iwt_icon_holder q_font_awsome_icon   \"><i class=\"qode_icon_font_awesome fa fa-plus-square qode_iwt_icon_element\" style=\"\" ><\/i><\/span><\/div><h5 class=\"icon_title\" style=\"\">Conseil et assistance en ma\u00eetrise d\u2019ouvrage :<\/h5><\/div><p style=''><\/p><\/div><\/div><\/div>\t\t<\/div>\n\t\t\t\t<\/div>\n\t\t\t\t<div class=\"elementor-element elementor-element-897922a elementor-widget elementor-widget-text-editor\" data-id=\"897922a\" data-element_type=\"widget\" data-widget_type=\"text-editor.default\">\n\t\t\t\t<div class=\"elementor-widget-container\">\n\t\t\t\t\t<div class=\"elementor-text-editor elementor-clearfix\"><ul class=\"ul1\"><li style=\"list-style-type: none;\"><ul class=\"ul1\"><li class=\"li1\"><span class=\"s2\">Etude de faisabilit\u00e9 d\u2019une division, d\u2019un am\u00e9nagement, de b\u00e2ti ou de terrain<\/span><\/li><li class=\"li1\"><span class=\"s2\">Etude de march\u00e9<\/span><\/li><li class=\"li1\"><span class=\"s2\">Etude de PLU, contexte r\u00e8glementaire, consultation de l\u2019administration<\/span><\/li><li class=\"li1\"><span class=\"s2\">Faisabilit\u00e9 architecturale (en partenariat avec un architecte DPLG)<\/span><\/li><li class=\"li1\"><span class=\"s2\">Constitution d\u2019\u00e9quipe d\u2019ing\u00e9nierie<\/span><\/li><li class=\"li1\"><span class=\"s2\">Elaboration de dossier de consultation des entreprises<\/span><\/li><li class=\"li1\"><span class=\"s2\">N\u00e9gociation d\u2019offres de prix, march\u00e9s<\/span><\/li><li class=\"li1\"><span class=\"s2\">Organisation et suivi de travaux<\/span><\/li><\/ul><\/li><\/ul><\/div>\n\t\t\t\t<\/div>\n\t\t\t\t<\/div>\n\t\t\t\t\t<\/div>\n\t\t<\/div>\n\t\t\t\t\t\t\t<\/div>\n\t\t<\/section>\n\t\t\t\t<section class=\"elementor-section elementor-top-section elementor-element elementor-element-9629c23 elementor-section-full_width elementor-section-stretched elementor-section-height-default elementor-section-height-default parallax_section_no qode_elementor_container_no\" data-id=\"9629c23\" data-element_type=\"section\" data-settings=\"{&quot;stretch_section&quot;:&quot;section-stretched&quot;}\">\n\t\t\t\t\t\t<div class=\"elementor-container elementor-column-gap-default\">\n\t\t\t\t\t<div class=\"elementor-column elementor-col-100 elementor-top-column elementor-element elementor-element-b63b716 animated-fast elementor-invisible\" data-id=\"b63b716\" data-element_type=\"column\" data-settings=\"{&quot;background_background&quot;:&quot;classic&quot;,&quot;animation&quot;:&quot;fadeInUp&quot;}\">\n\t\t\t<div class=\"elementor-widget-wrap elementor-element-populated\">\n\t\t\t\t\t\t\t\t<div class=\"elementor-element elementor-element-50a717b elementor-widget elementor-widget-spacer\" data-id=\"50a717b\" data-element_type=\"widget\" data-widget_type=\"spacer.default\">\n\t\t\t\t<div class=\"elementor-widget-container\">\n\t\t\t\t\t<div class=\"elementor-spacer\">\n\t\t\t<div class=\"elementor-spacer-inner\"><\/div>\n\t\t<\/div>\n\t\t\t\t<\/div>\n\t\t\t\t<\/div>\n\t\t\t\t<div class=\"elementor-element elementor-element-ac95ada elementor-widget elementor-widget-heading\" data-id=\"ac95ada\" data-element_type=\"widget\" data-widget_type=\"heading.default\">\n\t\t\t\t<div class=\"elementor-widget-container\">\n\t\t\t<h3 class=\"elementor-heading-title elementor-size-default\">Travaillons ensemble<\/h3>\t\t<\/div>\n\t\t\t\t<\/div>\n\t\t\t\t<div class=\"elementor-element elementor-element-367d725 elementor-widget elementor-widget-spacer\" data-id=\"367d725\" data-element_type=\"widget\" data-widget_type=\"spacer.default\">\n\t\t\t\t<div class=\"elementor-widget-container\">\n\t\t\t\t\t<div class=\"elementor-spacer\">\n\t\t\t<div class=\"elementor-spacer-inner\"><\/div>\n\t\t<\/div>\n\t\t\t\t<\/div>\n\t\t\t\t<\/div>\n\t\t\t\t<div class=\"elementor-element elementor-element-d9b9f48 elementor-widget elementor-widget-heading\" data-id=\"d9b9f48\" data-element_type=\"widget\" data-widget_type=\"heading.default\">\n\t\t\t\t<div class=\"elementor-widget-container\">\n\t\t\t<h5 class=\"elementor-heading-title elementor-size-default\">Je me tiens \u00e0 votre disposition pour une rencontre et un \u00e9change autour de votre projet. \nVous souhaitez am\u00e9nager, diviser, viabiliser un terrain ou un b\u00e2timent, vous souhaitez construire, exploiter, vendre\u2026 je suis en mesure de vous accompagner pour toutes vos ambitions.<\/h5>\t\t<\/div>\n\t\t\t\t<\/div>\n\t\t\t\t<div class=\"elementor-element elementor-element-b1b548b elementor-widget elementor-widget-spacer\" data-id=\"b1b548b\" data-element_type=\"widget\" data-widget_type=\"spacer.default\">\n\t\t\t\t<div class=\"elementor-widget-container\">\n\t\t\t\t\t<div class=\"elementor-spacer\">\n\t\t\t<div class=\"elementor-spacer-inner\"><\/div>\n\t\t<\/div>\n\t\t\t\t<\/div>\n\t\t\t\t<\/div>\n\t\t\t\t<div class=\"elementor-element elementor-element-3c55baa elementor-widget elementor-widget-bridge_button_v2\" data-id=\"3c55baa\" data-element_type=\"widget\" data-widget_type=\"bridge_button_v2.default\">\n\t\t\t\t<div class=\"elementor-widget-container\">\n\t\t\t\n\n\t<a href=\"#\" target=\"_self\" style=\"font-family: raleway;font-size: 12px;font-weight: 400;text-transform: uppercase;font-style: normal\" class=\"qode-btn qode-btn-medium qode-btn-solid\"  >\n\t    <span class=\"qode-btn-text\">Se rendre \u00e0 la page contact<\/span>\t<\/a>\n\n\t\t<\/div>\n\t\t\t\t<\/div>\n\t\t\t\t<div class=\"elementor-element elementor-element-f2d7c7f elementor-widget elementor-widget-spacer\" data-id=\"f2d7c7f\" data-element_type=\"widget\" data-widget_type=\"spacer.default\">\n\t\t\t\t<div class=\"elementor-widget-container\">\n\t\t\t\t\t<div class=\"elementor-spacer\">\n\t\t\t<div class=\"elementor-spacer-inner\"><\/div>\n\t\t<\/div>\n\t\t\t\t<\/div>\n\t\t\t\t<\/div>\n\t\t\t\t\t<\/div>\n\t\t<\/div>\n\t\t\t\t\t\t\t<\/div>\n\t\t<\/section>\n\t\t\t\t\t\t<\/div>\n\t\t\t\t\t<\/div>\n\t\t","protected":false},"excerpt":{"rendered":"<p>Conseil Je vous accompagne pour la r\u00e9alisation de votre projet immobilier dans les cas suivants\u00a0: Conseil et assistance en mati\u00e8re immobili\u00e8re, soit \u00e9tude de tout projet immobilier impliquant une analyse et une recherche de solutions juridique, financi\u00e8re, technique et commerciale. Conseil et assistance en ma\u00eetrise&#8230;<\/p>\n","protected":false},"author":1,"featured_media":0,"parent":0,"menu_order":0,"comment_status":"closed","ping_status":"closed","template":"","meta":[],"_links":{"self":[{"href":"https:\/\/stephenmorellethabitat.fr\/index.php?rest_route=\/wp\/v2\/pages\/1017"}],"collection":[{"href":"https:\/\/stephenmorellethabitat.fr\/index.php?rest_route=\/wp\/v2\/pages"}],"about":[{"href":"https:\/\/stephenmorellethabitat.fr\/index.php?rest_route=\/wp\/v2\/types\/page"}],"author":[{"embeddable":true,"href":"https:\/\/stephenmorellethabitat.fr\/index.php?rest_route=\/wp\/v2\/users\/1"}],"replies":[{"embeddable":true,"href":"https:\/\/stephenmorellethabitat.fr\/index.php?rest_route=%2Fwp%2Fv2%2Fcomments&post=1017"}],"version-history":[{"count":20,"href":"https:\/\/stephenmorellethabitat.fr\/index.php?rest_route=\/wp\/v2\/pages\/1017\/revisions"}],"predecessor-version":[{"id":1771,"href":"https:\/\/stephenmorellethabitat.fr\/index.php?rest_route=\/wp\/v2\/pages\/1017\/revisions\/1771"}],"wp:attachment":[{"href":"https:\/\/stephenmorellethabitat.fr\/index.php?rest_route=%2Fwp%2Fv2%2Fmedia&parent=1017"}],"curies":[{"name":"wp","href":"https:\/\/api.w.org\/{rel}","templated":true}]}}