{"id":1020,"date":"2021-03-01T19:46:14","date_gmt":"2021-03-01T18:46:14","guid":{"rendered":"http:\/\/stephenmorellethabitat.fr\/?page_id=1020"},"modified":"2021-03-03T18:13:06","modified_gmt":"2021-03-03T17:13:06","slug":"mentions-legales","status":"publish","type":"page","link":"https:\/\/stephenmorellethabitat.fr\/?page_id=1020","title":{"rendered":"Mentions legales"},"content":{"rendered":"\t\t<div data-elementor-type=\"wp-page\" data-elementor-id=\"1020\" class=\"elementor elementor-1020\" data-elementor-settings=\"[]\">\n\t\t\t\t\t\t\t<div class=\"elementor-section-wrap\">\n\t\t\t\t\t\t\t<section class=\"elementor-section elementor-top-section elementor-element elementor-element-d41e064 elementor-section-boxed elementor-section-height-default elementor-section-height-default parallax_section_no qode_elementor_container_no\" data-id=\"d41e064\" data-element_type=\"section\">\n\t\t\t\t\t\t<div class=\"elementor-container elementor-column-gap-default\">\n\t\t\t\t\t<div class=\"elementor-column elementor-col-100 elementor-top-column elementor-element elementor-element-754f2f6\" data-id=\"754f2f6\" data-element_type=\"column\">\n\t\t\t<div class=\"elementor-widget-wrap elementor-element-populated\">\n\t\t\t\t\t\t\t\t<div class=\"elementor-element elementor-element-bc4efce elementor-widget elementor-widget-spacer\" data-id=\"bc4efce\" data-element_type=\"widget\" data-widget_type=\"spacer.default\">\n\t\t\t\t<div class=\"elementor-widget-container\">\n\t\t\t\t\t<div class=\"elementor-spacer\">\n\t\t\t<div class=\"elementor-spacer-inner\"><\/div>\n\t\t<\/div>\n\t\t\t\t<\/div>\n\t\t\t\t<\/div>\n\t\t\t\t\t<\/div>\n\t\t<\/div>\n\t\t\t\t\t\t\t<\/div>\n\t\t<\/section>\n\t\t\t\t<section style=\"background-image: url(http:\/\/stephenmorellethabitat.fr\/wp-content\/uploads\/2021\/02\/v2.jpg);\" class=\"parallax_section_holder elementor-section elementor-top-section elementor-element elementor-element-914ad6b elementor-section-full_width elementor-section-stretched parallax_section_holder elementor-section-height-default elementor-section-height-default qode_elementor_container_no\" data-speed=\"0\" data-id=\"914ad6b\" data-element_type=\"section\" data-settings=\"{&quot;stretch_section&quot;:&quot;section-stretched&quot;,&quot;background_background&quot;:&quot;classic&quot;,&quot;qode_parallax_image&quot;:{&quot;url&quot;:&quot;http:\\\/\\\/stephenmorellethabitat.fr\\\/wp-content\\\/uploads\\\/2021\\\/02\\\/v2.jpg&quot;,&quot;id&quot;:827}}\">\n\t\t\t\t\t\t<div class=\"elementor-container elementor-column-gap-default\">\n\t\t\t\t\t<div class=\"elementor-column elementor-col-100 elementor-top-column elementor-element elementor-element-ab81430\" data-id=\"ab81430\" data-element_type=\"column\" data-settings=\"{&quot;background_background&quot;:&quot;classic&quot;}\">\n\t\t\t<div class=\"elementor-widget-wrap elementor-element-populated\">\n\t\t\t\t\t\t\t\t<div class=\"elementor-element elementor-element-c11d388 elementor-widget elementor-widget-spacer\" data-id=\"c11d388\" data-element_type=\"widget\" data-widget_type=\"spacer.default\">\n\t\t\t\t<div class=\"elementor-widget-container\">\n\t\t\t\t\t<div class=\"elementor-spacer\">\n\t\t\t<div class=\"elementor-spacer-inner\"><\/div>\n\t\t<\/div>\n\t\t\t\t<\/div>\n\t\t\t\t<\/div>\n\t\t\t\t<div class=\"elementor-element elementor-element-7ee3943 elementor-widget elementor-widget-heading\" data-id=\"7ee3943\" data-element_type=\"widget\" data-widget_type=\"heading.default\">\n\t\t\t\t<div class=\"elementor-widget-container\">\n\t\t\t<h2 class=\"elementor-heading-title elementor-size-default\">Conditions g\u00e9n\u00e9rales d'acc\u00e8s et d'utilisation<\/h2>\t\t<\/div>\n\t\t\t\t<\/div>\n\t\t\t\t<div class=\"elementor-element elementor-element-1065094 elementor-widget elementor-widget-spacer\" data-id=\"1065094\" data-element_type=\"widget\" data-widget_type=\"spacer.default\">\n\t\t\t\t<div class=\"elementor-widget-container\">\n\t\t\t\t\t<div class=\"elementor-spacer\">\n\t\t\t<div class=\"elementor-spacer-inner\"><\/div>\n\t\t<\/div>\n\t\t\t\t<\/div>\n\t\t\t\t<\/div>\n\t\t\t\t\t<\/div>\n\t\t<\/div>\n\t\t\t\t\t\t\t<\/div>\n\t\t<\/section>\n\t\t\t\t<section class=\"elementor-section elementor-top-section elementor-element elementor-element-63ecfe7 elementor-section-full_width elementor-section-height-default elementor-section-height-default parallax_section_no qode_elementor_container_no\" data-id=\"63ecfe7\" data-element_type=\"section\">\n\t\t\t\t\t\t<div class=\"elementor-container elementor-column-gap-default\">\n\t\t\t\t\t<div class=\"elementor-column elementor-col-100 elementor-top-column elementor-element elementor-element-7c8b02c\" data-id=\"7c8b02c\" data-element_type=\"column\">\n\t\t\t<div class=\"elementor-widget-wrap elementor-element-populated\">\n\t\t\t\t\t\t\t\t<div class=\"elementor-element elementor-element-797b4fe elementor-widget elementor-widget-spacer\" data-id=\"797b4fe\" data-element_type=\"widget\" data-widget_type=\"spacer.default\">\n\t\t\t\t<div class=\"elementor-widget-container\">\n\t\t\t\t\t<div class=\"elementor-spacer\">\n\t\t\t<div class=\"elementor-spacer-inner\"><\/div>\n\t\t<\/div>\n\t\t\t\t<\/div>\n\t\t\t\t<\/div>\n\t\t\t\t<div class=\"elementor-element elementor-element-c4c77a5 elementor-widget elementor-widget-spacer\" data-id=\"c4c77a5\" data-element_type=\"widget\" data-widget_type=\"spacer.default\">\n\t\t\t\t<div class=\"elementor-widget-container\">\n\t\t\t\t\t<div class=\"elementor-spacer\">\n\t\t\t<div class=\"elementor-spacer-inner\"><\/div>\n\t\t<\/div>\n\t\t\t\t<\/div>\n\t\t\t\t<\/div>\n\t\t\t\t<div class=\"elementor-element elementor-element-55cd639 elementor-invisible elementor-widget elementor-widget-heading\" data-id=\"55cd639\" data-element_type=\"widget\" data-settings=\"{&quot;_animation&quot;:&quot;fadeIn&quot;}\" data-widget_type=\"heading.default\">\n\t\t\t\t<div class=\"elementor-widget-container\">\n\t\t\t<h4 class=\"elementor-heading-title elementor-size-default\">Vous \u00eates actuellement librement connect\u00e9 au site internet stephenmorellethabitat.fr, ci-apr\u00e8s d\u00e9nomm\u00e9 stephenmorellethabitat.fr.<\/h4>\t\t<\/div>\n\t\t\t\t<\/div>\n\t\t\t\t<div class=\"elementor-element elementor-element-2320020 elementor-widget elementor-widget-spacer\" data-id=\"2320020\" data-element_type=\"widget\" data-widget_type=\"spacer.default\">\n\t\t\t\t<div class=\"elementor-widget-container\">\n\t\t\t\t\t<div class=\"elementor-spacer\">\n\t\t\t<div class=\"elementor-spacer-inner\"><\/div>\n\t\t<\/div>\n\t\t\t\t<\/div>\n\t\t\t\t<\/div>\n\t\t\t\t<div class=\"elementor-element elementor-element-881a28f elementor-widget elementor-widget-bridge_icon_text\" data-id=\"881a28f\" data-element_type=\"widget\" data-widget_type=\"bridge_icon_text.default\">\n\t\t\t\t<div class=\"elementor-widget-container\">\n\t\t\t<div class='q_icon_with_title tiny normal_icon left_from_title '><div class=\"icon_text_holder\" style=\"\"><div class=\"icon_text_inner\" style=\"\"><div class=\"icon_title_holder\"><div class=\"icon_holder \" style=\" \"><span data-icon-type=\"normal\"   style=\"\" class=\"qode_iwt_icon_holder q_font_awsome_icon   \"><i class=\"qode_icon_font_awesome fa  qode_iwt_icon_element\" style=\"\" ><\/i><\/span><\/div><h5 class=\"icon_title\" style=\"\">Ce SITE vous est propos\u00e9 par :<\/h5><\/div><p style=''>Stephen Morellet 840 route des Bois 73410 SaintOurs<\/p><\/div><\/div><\/div>\t\t<\/div>\n\t\t\t\t<\/div>\n\t\t\t\t\t<\/div>\n\t\t<\/div>\n\t\t\t\t\t\t\t<\/div>\n\t\t<\/section>\n\t\t\t\t<section class=\"elementor-section elementor-top-section elementor-element elementor-element-208d88b elementor-section-full_width elementor-section-height-default elementor-section-height-default parallax_section_no qode_elementor_container_no\" data-id=\"208d88b\" data-element_type=\"section\">\n\t\t\t\t\t\t<div class=\"elementor-container elementor-column-gap-default\">\n\t\t\t\t\t<div class=\"elementor-column elementor-col-100 elementor-top-column elementor-element elementor-element-dc90cd3\" data-id=\"dc90cd3\" data-element_type=\"column\">\n\t\t\t<div class=\"elementor-widget-wrap elementor-element-populated\">\n\t\t\t\t\t\t\t\t<div class=\"elementor-element elementor-element-8c2e020 elementor-widget elementor-widget-spacer\" data-id=\"8c2e020\" data-element_type=\"widget\" data-widget_type=\"spacer.default\">\n\t\t\t\t<div class=\"elementor-widget-container\">\n\t\t\t\t\t<div class=\"elementor-spacer\">\n\t\t\t<div class=\"elementor-spacer-inner\"><\/div>\n\t\t<\/div>\n\t\t\t\t<\/div>\n\t\t\t\t<\/div>\n\t\t\t\t<div class=\"elementor-element elementor-element-65a01c5 elementor-widget elementor-widget-bridge_icon_text\" data-id=\"65a01c5\" data-element_type=\"widget\" data-widget_type=\"bridge_icon_text.default\">\n\t\t\t\t<div class=\"elementor-widget-container\">\n\t\t\t<div class='q_icon_with_title tiny normal_icon left_from_title '><div class=\"icon_text_holder\" style=\"\"><div class=\"icon_text_inner\" style=\"\"><div class=\"icon_title_holder\"><div class=\"icon_holder \" style=\" \"><span data-icon-type=\"normal\"   style=\"\" class=\"qode_iwt_icon_holder q_font_awsome_icon   \"><i class=\"qode_icon_font_awesome fa  qode_iwt_icon_element\" style=\"\" ><\/i><\/span><\/div><h5 class=\"icon_title\" style=\"\">L\u2019ENTREPRISE est l\u00e9galement repr\u00e9sent\u00e9e par Monsieur Stephen Morellet .<\/h5><\/div><p style=''>stephenmorellethabitat.fr a pour objet de pr\u00e9senter les activit\u00e9s de STEMO. Il fait l\u2019objet de mises \u00e0 jour p\u00e9riodiques, ceci \u00e9tant, malgr\u00e9 le soin apport\u00e9 dans le suivi de l\u2019\u00e9volution de STEMO et de ses activit\u00e9s, les pr\u00e9sentations faites n\u2019ont pas de caract\u00e8re contractuel. STEMO ne sera engag\u00e9e que par ce qui aura \u00e9t\u00e9 convenu par la signature d\u2019un contrat.   L\u2019utilisation du stephenmorellethabitat.fr est soumise aux pr\u00e9sentes conditions g\u00e9n\u00e9rales d\u2019acc\u00e8s et d\u2019utilisation et rel\u00e8ve du respect des lois applicables en France.   Les conditions g\u00e9n\u00e9rales peuvent \u00eatre modifi\u00e9es \u00e0 tout moment, et nous vous invitons \u00e0 vous y reporter \u00e0 chaque connexion sur le stephenmorellethabitat.fr. Ces conditions g\u00e9n\u00e9rales sont r\u00e9gies, interpr\u00e9t\u00e9es et appliqu\u00e9es conform\u00e9ment au droit fran\u00e7ais. En cas de litige, les tribunaux fran\u00e7ais seront seuls comp\u00e9tents.<\/p><\/div><\/div><\/div>\t\t<\/div>\n\t\t\t\t<\/div>\n\t\t\t\t<div class=\"elementor-element elementor-element-949800f elementor-widget elementor-widget-bridge_icon_text\" data-id=\"949800f\" data-element_type=\"widget\" data-widget_type=\"bridge_icon_text.default\">\n\t\t\t\t<div class=\"elementor-widget-container\">\n\t\t\t<div class='q_icon_with_title tiny normal_icon left_from_title '><div class=\"icon_text_holder\" style=\"\"><div class=\"icon_text_inner\" style=\"\"><div class=\"icon_title_holder\"><div class=\"icon_holder \" style=\" \"><span data-icon-type=\"normal\"   style=\"\" class=\"qode_iwt_icon_holder q_font_awsome_icon   \"><i class=\"qode_icon_font_awesome fa  qode_iwt_icon_element\" style=\"\" ><\/i><\/span><\/div><h5 class=\"icon_title\" style=\"\">H\u00e9bergeur  SAS OVH  Adresse :\u00a02 rue Kellermann BP 80157 59100 Roubaixc<\/h5><\/div><p style=''><\/p><\/div><\/div><\/div>\t\t<\/div>\n\t\t\t\t<\/div>\n\t\t\t\t<div class=\"elementor-element elementor-element-63ef700 elementor-widget elementor-widget-bridge_icon_text\" data-id=\"63ef700\" data-element_type=\"widget\" data-widget_type=\"bridge_icon_text.default\">\n\t\t\t\t<div class=\"elementor-widget-container\">\n\t\t\t<div class='q_icon_with_title tiny normal_icon left_from_title '><div class=\"icon_text_holder\" style=\"\"><div class=\"icon_text_inner\" style=\"\"><div class=\"icon_title_holder\"><div class=\"icon_holder \" style=\" \"><span data-icon-type=\"normal\"   style=\"\" class=\"qode_iwt_icon_holder q_font_awsome_icon   \"><i class=\"qode_icon_font_awesome fa  qode_iwt_icon_element\" style=\"\" ><\/i><\/span><\/div><h5 class=\"icon_title\" style=\"\">Propri\u00e9t\u00e9 intellectuelle<\/h5><\/div><p style=''>La structure g\u00e9n\u00e9rale, les textes, images, sons, graphismes, documents t\u00e9l\u00e9chargeables, bases de donn\u00e9es et tout autre \u00e9l\u00e9ment composant le stephenmorellethabitat.fr, hormis les cr\u00e9dits sp\u00e9cifi\u00e9s \u00e0 l\u2019article suivant \u00ab Autres cr\u00e9dits \u00bb, sont la propri\u00e9t\u00e9 exclusive de STEMO : r\u00e9alisateur, gestionnaire et h\u00e9bergeur de stephenmorellethabitat.fr.   L\u2019ensemble de stephenmorellethabitat.fr. rel\u00e8ve de la l\u00e9gislation fran\u00e7aise et internationale sur les droits d\u2019auteur et de la propri\u00e9t\u00e9 intellectuelle. Les noms, marques et enseignes cit\u00e9s sur stephenmorellethabitat.fr. sont la propri\u00e9t\u00e9 de leurs d\u00e9posants respectifs.   Toute utilisation ou reproduction, totale ou partielle, de stephenmorellethabitat.fr., des \u00e9l\u00e9ments qui le composent et\/ou des informations qui y figurent, par quelque proc\u00e9d\u00e9 que ce soit, sans l\u2019autorisation du titulaire du droit sur ces \u00e9l\u00e9ments, sera imm\u00e9diatement poursuivi, soit dans le cadre d\u2019une action en contrefa\u00e7on, soit dans le cadre d\u2019une action en concurrence d\u00e9loyale.<\/p><\/div><\/div><\/div>\t\t<\/div>\n\t\t\t\t<\/div>\n\t\t\t\t<div class=\"elementor-element elementor-element-a669aa5 elementor-widget elementor-widget-bridge_icon_text\" data-id=\"a669aa5\" data-element_type=\"widget\" data-widget_type=\"bridge_icon_text.default\">\n\t\t\t\t<div class=\"elementor-widget-container\">\n\t\t\t<div class='q_icon_with_title tiny normal_icon left_from_title '><div class=\"icon_text_holder\" style=\"\"><div class=\"icon_text_inner\" style=\"\"><div class=\"icon_title_holder\"><div class=\"icon_holder \" style=\" \"><span data-icon-type=\"normal\"   style=\"\" class=\"qode_iwt_icon_holder q_font_awsome_icon   \"><i class=\"qode_icon_font_awesome fa  qode_iwt_icon_element\" style=\"\" ><\/i><\/span><\/div><h5 class=\"icon_title\" style=\"\">Autres cr\u00e9dits<\/h5><\/div><p style=''>Cr\u00e9dits photos ou images : PEXELS, UNSPLASH, perso ;   Cr\u00e9dits d\u00e9veloppement web et utilitaires : WordPress [QDE BRIDGE, ELEMENTOR].<\/p><\/div><\/div><\/div>\t\t<\/div>\n\t\t\t\t<\/div>\n\t\t\t\t<div class=\"elementor-element elementor-element-cc93f0c elementor-widget elementor-widget-bridge_icon_text\" data-id=\"cc93f0c\" data-element_type=\"widget\" data-widget_type=\"bridge_icon_text.default\">\n\t\t\t\t<div class=\"elementor-widget-container\">\n\t\t\t<div class='q_icon_with_title tiny normal_icon left_from_title '><div class=\"icon_text_holder\" style=\"\"><div class=\"icon_text_inner\" style=\"\"><div class=\"icon_title_holder\"><div class=\"icon_holder \" style=\" \"><span data-icon-type=\"normal\"   style=\"\" class=\"qode_iwt_icon_holder q_font_awsome_icon   \"><i class=\"qode_icon_font_awesome fa  qode_iwt_icon_element\" style=\"\" ><\/i><\/span><\/div><h5 class=\"icon_title\" style=\"\">Liens hypertextes<\/h5><\/div><p style=''>STEMO autorise tout site Internet \u00e0 \u00e9tablir un lien pointant vers l\u2019adresse de la page d\u2019accueil uniquement : www.stephenmorellethabitat.fr, sous r\u00e9serve des dispositions l\u00e9gales en vigueur.   Tout lien vers le stephenmorellethabitat.fr doit faire l\u2019objet d\u2019une information pr\u00e9alable au Webmaster du stephenmorellethabitat.fr, STEMO se r\u00e9servant le droit, \u00e0 tout moment, sans pr\u00e9avis et sans avoir \u00e0 motiver sa d\u00e9cision, d\u2019interdire ce lien.<\/p><\/div><\/div><\/div>\t\t<\/div>\n\t\t\t\t<\/div>\n\t\t\t\t<div class=\"elementor-element elementor-element-9060b15 elementor-widget elementor-widget-bridge_icon_text\" data-id=\"9060b15\" data-element_type=\"widget\" data-widget_type=\"bridge_icon_text.default\">\n\t\t\t\t<div class=\"elementor-widget-container\">\n\t\t\t<div class='q_icon_with_title tiny normal_icon left_from_title '><div class=\"icon_text_holder\" style=\"\"><div class=\"icon_text_inner\" style=\"\"><div class=\"icon_title_holder\"><div class=\"icon_holder \" style=\" \"><span data-icon-type=\"normal\"   style=\"\" class=\"qode_iwt_icon_holder q_font_awsome_icon   \"><i class=\"qode_icon_font_awesome fa  qode_iwt_icon_element\" style=\"\" ><\/i><\/span><\/div><h5 class=\"icon_title\" style=\"\">Dysfonctionnements<\/h5><\/div><p style=''>Le SITE est con\u00e7u pour pr\u00e9senter les meilleurs r\u00e9sultats quel que soit le navigateur utilis\u00e9. STEMO ne pourra \u00eatre tenue pour responsable de tout mauvais fonctionnement et affichage ou dommages caus\u00e9s au syst\u00e8me informatique du visiteur, directs ou indirects, r\u00e9sultant de l\u2019utilisation du stephenmorellethabitat.fr.<\/p><\/div><\/div><\/div>\t\t<\/div>\n\t\t\t\t<\/div>\n\t\t\t\t<div class=\"elementor-element elementor-element-df3a0be elementor-widget elementor-widget-bridge_icon_text\" data-id=\"df3a0be\" data-element_type=\"widget\" data-widget_type=\"bridge_icon_text.default\">\n\t\t\t\t<div class=\"elementor-widget-container\">\n\t\t\t<div class='q_icon_with_title tiny normal_icon left_from_title '><div class=\"icon_text_holder\" style=\"\"><div class=\"icon_text_inner\" style=\"\"><div class=\"icon_title_holder\"><div class=\"icon_holder \" style=\" \"><span data-icon-type=\"normal\"   style=\"\" class=\"qode_iwt_icon_holder q_font_awsome_icon   \"><i class=\"qode_icon_font_awesome fa  qode_iwt_icon_element\" style=\"\" ><\/i><\/span><\/div><h5 class=\"icon_title\" style=\"\">Sites li\u00e9s<\/h5><\/div><p style=''>STEMO peut vous proposer des liens vers d\u2019autres sites Internet. Vous y acc\u00e9dez librement et vous quitterez alors le champ d\u2019application des pr\u00e9sentes conditions g\u00e9n\u00e9rales. La responsabilit\u00e9 de STEMO ne pourra pas \u00eatre engag\u00e9e au regard du contenu et du fonctionnement de ces sites tiers.<\/p><\/div><\/div><\/div>\t\t<\/div>\n\t\t\t\t<\/div>\n\t\t\t\t<div class=\"elementor-element elementor-element-40efa99 elementor-widget elementor-widget-bridge_icon_text\" data-id=\"40efa99\" data-element_type=\"widget\" data-widget_type=\"bridge_icon_text.default\">\n\t\t\t\t<div class=\"elementor-widget-container\">\n\t\t\t<div class='q_icon_with_title tiny normal_icon left_from_title '><div class=\"icon_text_holder\" style=\"\"><div class=\"icon_text_inner\" style=\"\"><div class=\"icon_title_holder\"><div class=\"icon_holder \" style=\" \"><span data-icon-type=\"normal\"   style=\"\" class=\"qode_iwt_icon_holder q_font_awsome_icon   \"><i class=\"qode_icon_font_awesome fa  qode_iwt_icon_element\" style=\"\" ><\/i><\/span><\/div><h5 class=\"icon_title\" style=\"\">Piratage et virus<\/h5><\/div><p style=''>La responsabilit\u00e9 de STEMO ne pourra jamais \u00eatre recherch\u00e9e en cas de dysfonctionnements ou dommages caus\u00e9s au syst\u00e8me informatique du visiteur cons\u00e9cutifs au piratage de son site ou virus transport\u00e9s \u00e0 son insu ou \u00e0 l\u2019insu de ses partenaires techniques.<\/p><\/div><\/div><\/div>\t\t<\/div>\n\t\t\t\t<\/div>\n\t\t\t\t<div class=\"elementor-element elementor-element-396f342 elementor-widget elementor-widget-bridge_icon_text\" data-id=\"396f342\" data-element_type=\"widget\" data-widget_type=\"bridge_icon_text.default\">\n\t\t\t\t<div class=\"elementor-widget-container\">\n\t\t\t<div class='q_icon_with_title tiny normal_icon left_from_title '><div class=\"icon_text_holder\" style=\"\"><div class=\"icon_text_inner\" style=\"\"><div class=\"icon_title_holder\"><div class=\"icon_holder \" style=\" \"><span data-icon-type=\"normal\"   style=\"\" class=\"qode_iwt_icon_holder q_font_awsome_icon   \"><i class=\"qode_icon_font_awesome fa  qode_iwt_icon_element\" style=\"\" ><\/i><\/span><\/div><h5 class=\"icon_title\" style=\"\">Responsable de la publication .<\/h5><\/div><p style=''>Mr Stephen Morellet<\/p><\/div><\/div><\/div>\t\t<\/div>\n\t\t\t\t<\/div>\n\t\t\t\t\t<\/div>\n\t\t<\/div>\n\t\t\t\t\t\t\t<\/div>\n\t\t<\/section>\n\t\t\t\t<section class=\"elementor-section elementor-top-section elementor-element elementor-element-9629c23 elementor-section-full_width elementor-section-stretched elementor-section-height-default elementor-section-height-default parallax_section_no qode_elementor_container_no\" data-id=\"9629c23\" data-element_type=\"section\" data-settings=\"{&quot;stretch_section&quot;:&quot;section-stretched&quot;}\">\n\t\t\t\t\t\t<div class=\"elementor-container elementor-column-gap-default\">\n\t\t\t\t\t<div class=\"elementor-column elementor-col-100 elementor-top-column elementor-element elementor-element-b63b716 animated-fast elementor-invisible\" data-id=\"b63b716\" data-element_type=\"column\" data-settings=\"{&quot;background_background&quot;:&quot;classic&quot;,&quot;animation&quot;:&quot;fadeInUp&quot;}\">\n\t\t\t<div class=\"elementor-widget-wrap elementor-element-populated\">\n\t\t\t\t\t\t\t\t<div class=\"elementor-element elementor-element-50a717b elementor-widget elementor-widget-spacer\" data-id=\"50a717b\" data-element_type=\"widget\" data-widget_type=\"spacer.default\">\n\t\t\t\t<div class=\"elementor-widget-container\">\n\t\t\t\t\t<div class=\"elementor-spacer\">\n\t\t\t<div class=\"elementor-spacer-inner\"><\/div>\n\t\t<\/div>\n\t\t\t\t<\/div>\n\t\t\t\t<\/div>\n\t\t\t\t<div class=\"elementor-element elementor-element-ac95ada elementor-widget elementor-widget-heading\" data-id=\"ac95ada\" data-element_type=\"widget\" data-widget_type=\"heading.default\">\n\t\t\t\t<div class=\"elementor-widget-container\">\n\t\t\t<h3 class=\"elementor-heading-title elementor-size-default\">Travaillons ensemble<\/h3>\t\t<\/div>\n\t\t\t\t<\/div>\n\t\t\t\t<div class=\"elementor-element elementor-element-367d725 elementor-widget elementor-widget-spacer\" data-id=\"367d725\" data-element_type=\"widget\" data-widget_type=\"spacer.default\">\n\t\t\t\t<div class=\"elementor-widget-container\">\n\t\t\t\t\t<div class=\"elementor-spacer\">\n\t\t\t<div class=\"elementor-spacer-inner\"><\/div>\n\t\t<\/div>\n\t\t\t\t<\/div>\n\t\t\t\t<\/div>\n\t\t\t\t<div class=\"elementor-element elementor-element-d9b9f48 elementor-widget elementor-widget-heading\" data-id=\"d9b9f48\" data-element_type=\"widget\" data-widget_type=\"heading.default\">\n\t\t\t\t<div class=\"elementor-widget-container\">\n\t\t\t<h5 class=\"elementor-heading-title elementor-size-default\">Je suis disponible afin de vous rencontrer pour \u00e9changer autour de votre projet . Vous avez des interrogations sur la marche \u00e0 suivre pour am\u00e9nager, mettre en vente ou bien viabiliser votre terrain ou votre bien... Vous envisagez d'acqu\u00e9rir ou de construire de nouveaux biens ... Vous souhaitez entrer en contact avec un professionnel de l'immobilier sur votre r\u00e9gion : n'h\u00e9sitez pas \u00e0 me contacter afin de b\u00e9n\u00e9ficier de mon expertise dans le domaine .<\/h5>\t\t<\/div>\n\t\t\t\t<\/div>\n\t\t\t\t<div class=\"elementor-element elementor-element-b1b548b elementor-widget elementor-widget-spacer\" data-id=\"b1b548b\" data-element_type=\"widget\" data-widget_type=\"spacer.default\">\n\t\t\t\t<div class=\"elementor-widget-container\">\n\t\t\t\t\t<div class=\"elementor-spacer\">\n\t\t\t<div class=\"elementor-spacer-inner\"><\/div>\n\t\t<\/div>\n\t\t\t\t<\/div>\n\t\t\t\t<\/div>\n\t\t\t\t<div class=\"elementor-element elementor-element-3c55baa elementor-widget elementor-widget-bridge_button_v2\" data-id=\"3c55baa\" data-element_type=\"widget\" data-widget_type=\"bridge_button_v2.default\">\n\t\t\t\t<div class=\"elementor-widget-container\">\n\t\t\t\n\n\t<a href=\"#\" target=\"_self\" style=\"font-family: raleway;font-size: 12px;font-weight: 400;text-transform: uppercase;font-style: normal\" class=\"qode-btn qode-btn-medium qode-btn-solid\"  >\n\t    <span class=\"qode-btn-text\">Se rendre \u00e0 la page contact<\/span>\t<\/a>\n\n\t\t<\/div>\n\t\t\t\t<\/div>\n\t\t\t\t<div class=\"elementor-element elementor-element-f2d7c7f elementor-widget elementor-widget-spacer\" data-id=\"f2d7c7f\" data-element_type=\"widget\" data-widget_type=\"spacer.default\">\n\t\t\t\t<div class=\"elementor-widget-container\">\n\t\t\t\t\t<div class=\"elementor-spacer\">\n\t\t\t<div class=\"elementor-spacer-inner\"><\/div>\n\t\t<\/div>\n\t\t\t\t<\/div>\n\t\t\t\t<\/div>\n\t\t\t\t\t<\/div>\n\t\t<\/div>\n\t\t\t\t\t\t\t<\/div>\n\t\t<\/section>\n\t\t\t\t\t\t<\/div>\n\t\t\t\t\t<\/div>\n\t\t","protected":false},"excerpt":{"rendered":"<p>Conditions g\u00e9n\u00e9rales d&rsquo;acc\u00e8s et d&rsquo;utilisation Vous \u00eates actuellement librement connect\u00e9 au site internet stephenmorellethabitat.fr, ci-apr\u00e8s d\u00e9nomm\u00e9 stephenmorellethabitat.fr. Ce SITE vous est propos\u00e9 par : Stephen Morellet 840 route des Bois 73410 SaintOurs L\u2019ENTREPRISE est l\u00e9galement repr\u00e9sent\u00e9e par Monsieur Stephen Morellet . stephenmorellethabitat.fr a pour objet&#8230;<\/p>\n","protected":false},"author":1,"featured_media":0,"parent":0,"menu_order":0,"comment_status":"closed","ping_status":"closed","template":"","meta":[],"_links":{"self":[{"href":"https:\/\/stephenmorellethabitat.fr\/index.php?rest_route=\/wp\/v2\/pages\/1020"}],"collection":[{"href":"https:\/\/stephenmorellethabitat.fr\/index.php?rest_route=\/wp\/v2\/pages"}],"about":[{"href":"https:\/\/stephenmorellethabitat.fr\/index.php?rest_route=\/wp\/v2\/types\/page"}],"author":[{"embeddable":true,"href":"https:\/\/stephenmorellethabitat.fr\/index.php?rest_route=\/wp\/v2\/users\/1"}],"replies":[{"embeddable":true,"href":"https:\/\/stephenmorellethabitat.fr\/index.php?rest_route=%2Fwp%2Fv2%2Fcomments&post=1020"}],"version-history":[{"count":44,"href":"https:\/\/stephenmorellethabitat.fr\/index.php?rest_route=\/wp\/v2\/pages\/1020\/revisions"}],"predecessor-version":[{"id":1145,"href":"https:\/\/stephenmorellethabitat.fr\/index.php?rest_route=\/wp\/v2\/pages\/1020\/revisions\/1145"}],"wp:attachment":[{"href":"https:\/\/stephenmorellethabitat.fr\/index.php?rest_route=%2Fwp%2Fv2%2Fmedia&parent=1020"}],"curies":[{"name":"wp","href":"https:\/\/api.w.org\/{rel}","templated":true}]}}